{"id":41390,"date":"2022-04-17T07:22:53","date_gmt":"2022-04-17T06:22:53","guid":{"rendered":"https:\/\/sial.school\/?page_id=41390"},"modified":"2026-03-09T22:20:42","modified_gmt":"2026-03-09T21:20:42","slug":"uniforme","status":"publish","type":"page","link":"https:\/\/sial.school\/it\/vita-scolastica\/uniforme\/","title":{"rendered":"Uniforme"},"content":{"rendered":"\t\t<div data-elementor-type=\"wp-page\" data-elementor-id=\"41390\" class=\"elementor elementor-41390 elementor-40150\" data-elementor-post-type=\"page\">\n\t\t\t\t\t\t<section class=\"elementor-section elementor-top-section elementor-element elementor-element-7fc7609e elementor-section-full_width elementor-section-stretched elementor-section-height-default elementor-section-height-default\" data-id=\"7fc7609e\" data-element_type=\"section\" data-e-type=\"section\" data-settings=\"{&quot;stretch_section&quot;:&quot;section-stretched&quot;}\">\n\t\t\t\t\t\t<div class=\"elementor-container elementor-column-gap-default\">\n\t\t\t\t\t<div class=\"elementor-column elementor-col-100 elementor-top-column elementor-element elementor-element-27d82b9d\" data-id=\"27d82b9d\" data-element_type=\"column\" data-e-type=\"column\">\n\t\t\t<div class=\"elementor-widget-wrap elementor-element-populated\">\n\t\t\t\t\t\t<div class=\"elementor-element elementor-element-78a916bf elementor-widget elementor-widget-image\" data-id=\"78a916bf\" data-element_type=\"widget\" data-e-type=\"widget\" data-widget_type=\"image.default\">\n\t\t\t\t<div class=\"elementor-widget-container\">\n\t\t\t\t\t\t\t\t\t\t\t\t\t\t\t<img fetchpriority=\"high\" decoding=\"async\" width=\"1024\" height=\"174\" src=\"https:\/\/sial.school\/wp-content\/uploads\/2022\/03\/School-Web_Web-Elements_3-1024x174.png\" class=\"attachment-large size-large wp-image-38264\" alt=\"\" srcset=\"https:\/\/sial.school\/wp-content\/uploads\/2022\/03\/School-Web_Web-Elements_3-1024x174.png 1024w, https:\/\/sial.school\/wp-content\/uploads\/2022\/03\/School-Web_Web-Elements_3-300x51.png 300w, https:\/\/sial.school\/wp-content\/uploads\/2022\/03\/School-Web_Web-Elements_3-768x130.png 768w, https:\/\/sial.school\/wp-content\/uploads\/2022\/03\/School-Web_Web-Elements_3-260x44.png 260w, https:\/\/sial.school\/wp-content\/uploads\/2022\/03\/School-Web_Web-Elements_3-50x8.png 50w, https:\/\/sial.school\/wp-content\/uploads\/2022\/03\/School-Web_Web-Elements_3-150x25.png 150w, https:\/\/sial.school\/wp-content\/uploads\/2022\/03\/School-Web_Web-Elements_3.png 1278w\" sizes=\"(max-width:767px) 480px, (max-width:1024px) 100vw, 1024px\" \/>\t\t\t\t\t\t\t\t\t\t\t\t\t\t\t<\/div>\n\t\t\t\t<\/div>\n\t\t\t\t<div class=\"elementor-element elementor-element-fbaab42 elementor-widget elementor-widget-heading\" data-id=\"fbaab42\" data-element_type=\"widget\" data-e-type=\"widget\" data-widget_type=\"heading.default\">\n\t\t\t\t<div class=\"elementor-widget-container\">\n\t\t\t\t\t<h2 class=\"elementor-heading-title elementor-size-default\">La nostra uniforme<\/h2>\t\t\t\t<\/div>\n\t\t\t\t<\/div>\n\t\t\t\t<div class=\"elementor-element elementor-element-64826930 elementor-widget elementor-widget-text-editor\" data-id=\"64826930\" data-element_type=\"widget\" data-e-type=\"widget\" data-widget_type=\"text-editor.default\">\n\t\t\t\t<div class=\"elementor-widget-container\">\n\t\t\t\t\t\t\t\t\t<p style=\"text-align: center;\"><span style=\"font-weight: 400;\">Desideriamo che i nostri alunni rappresentino con orgoglio la scuola, indossando l&#8217;uniforme che abbiamo predisposto per loro, supportati dai loro genitori.<\/span><\/p>\t\t\t\t\t\t\t\t<\/div>\n\t\t\t\t<\/div>\n\t\t\t\t\t<\/div>\n\t\t<\/div>\n\t\t\t\t\t<\/div>\n\t\t<\/section>\n\t\t\t\t<section class=\"elementor-section elementor-top-section elementor-element elementor-element-868d153 elementor-section-boxed elementor-section-height-default elementor-section-height-default\" data-id=\"868d153\" data-element_type=\"section\" data-e-type=\"section\">\n\t\t\t\t\t\t<div class=\"elementor-container elementor-column-gap-default\">\n\t\t\t\t\t<div class=\"elementor-column elementor-col-66 elementor-top-column elementor-element elementor-element-899e515\" data-id=\"899e515\" data-element_type=\"column\" data-e-type=\"column\">\n\t\t\t<div class=\"elementor-widget-wrap elementor-element-populated\">\n\t\t\t\t\t\t<div class=\"elementor-element elementor-element-f5201b7 elementor-widget elementor-widget-text-editor\" data-id=\"f5201b7\" data-element_type=\"widget\" data-e-type=\"widget\" data-widget_type=\"text-editor.default\">\n\t\t\t\t<div class=\"elementor-widget-container\">\n\t\t\t\t\t\t\t\t\t<p style=\"font-style: normal; font-variant-ligatures: normal; font-variant-caps: normal; font-weight: 400; font-size: 16px; font-family: Montserrat, -apple-system, BlinkMacSystemFont, 'Segoe UI', Roboto, Oxygen-Sans, Ubuntu, Cantarell, 'Helvetica Neue', sans-serif;\"><span style=\"font-style: normal; font-variant-ligatures: normal; font-variant-caps: normal; font-size: 16px; font-family: Montserrat, -apple-system, BlinkMacSystemFont, 'Segoe UI', Roboto, Oxygen-Sans, Ubuntu, Cantarell, 'Helvetica Neue', sans-serif; letter-spacing: 0px;\"><span style=\"font-weight: bold;\">La nostra uniforme \u00e8 disegnata per essere pratica e flessibile.<\/span><br>I bambini sono tenuti a indossare l&#8217;uniforme e incoraggiati a prendersi cura del proprio aspetto, presentandosi a scuola sempre in ordine.&nbsp;<br>I bambini sono invitati a scegliere tra le combinazioni disponibili per la loro classe i capi di abbigliamento che preferiscono (pantaloni\/pantaloncini o vestiti) indipendentemente dal loro sesso.<\/span><\/p>\n<div class=\"\" data-block=\"true\" data-editor=\"916us\" data-offset-key=\"fk9in-0-0\">\n<div class=\"_1mf _1mj\" data-offset-key=\"fk9in-0-0\"><strong>Tutte le divise scolastiche possono essere ordinate da <\/strong><a style=\"font-weight: bold; font-family: Montserrat, -apple-system, BlinkMacSystemFont, 'Segoe UI', Roboto, Oxygen-Sans, Ubuntu, Cantarell, 'Helvetica Neue', sans-serif; font-size: 16px;\" href=\"https:\/\/www.aceclothing.co.uk\/school-uniform\/sial-school\" target=\"_blank\" rel=\"noopener\">ACE clothing.<\/a><\/div>\n<div class=\"_1mf _1mj\" data-offset-key=\"fk9in-0-0\">&nbsp;<\/div>\n<\/div>\n<div class=\"\" data-block=\"true\" data-editor=\"916us\" data-offset-key=\"dvgpk-0-0\">\n<div class=\"_1mf _1mj\" data-offset-key=\"dvgpk-0-0\"><span data-offset-key=\"dvgpk-0-0\">ACE offre un servizio di consegna presso la scuola il 1\u00b0 gioved\u00ec di ogni mese durante i term scolastici oppure \u00e8 sempre possibile richiedere la consegna a un diverso indirizzo (casa o luogo di lavoro). Si pu\u00f2 anche recarsi&nbsp; al loro magazzino a Wembley per il ritiro.<\/span><\/div>\n<\/div>\t\t\t\t\t\t\t\t<\/div>\n\t\t\t\t<\/div>\n\t\t\t\t\t<\/div>\n\t\t<\/div>\n\t\t\t\t<div class=\"elementor-column elementor-col-33 elementor-top-column elementor-element elementor-element-1f0c642\" data-id=\"1f0c642\" data-element_type=\"column\" data-e-type=\"column\">\n\t\t\t<div class=\"elementor-widget-wrap elementor-element-populated\">\n\t\t\t\t\t\t<div class=\"elementor-element elementor-element-090a696 elementor-widget elementor-widget-image\" data-id=\"090a696\" data-element_type=\"widget\" data-e-type=\"widget\" data-widget_type=\"image.default\">\n\t\t\t\t<div class=\"elementor-widget-container\">\n\t\t\t\t\t\t\t\t\t\t\t\t\t\t\t<img decoding=\"async\" width=\"422\" height=\"444\" src=\"https:\/\/sial.school\/wp-content\/uploads\/2022\/04\/wraparound.png\" class=\"attachment-large size-large wp-image-39780\" alt=\"\" srcset=\"https:\/\/sial.school\/wp-content\/uploads\/2022\/04\/wraparound.png 422w, https:\/\/sial.school\/wp-content\/uploads\/2022\/04\/wraparound-285x300.png 285w, https:\/\/sial.school\/wp-content\/uploads\/2022\/04\/wraparound-139x146.png 139w, https:\/\/sial.school\/wp-content\/uploads\/2022\/04\/wraparound-48x50.png 48w, https:\/\/sial.school\/wp-content\/uploads\/2022\/04\/wraparound-71x75.png 71w\" sizes=\"(max-width:767px) 422px, 422px\" \/>\t\t\t\t\t\t\t\t\t\t\t\t\t\t\t<\/div>\n\t\t\t\t<\/div>\n\t\t\t\t\t<\/div>\n\t\t<\/div>\n\t\t\t\t\t<\/div>\n\t\t<\/section>\n\t\t\t\t<section class=\"elementor-section elementor-top-section elementor-element elementor-element-3a7dfea elementor-section-boxed elementor-section-height-default elementor-section-height-default\" data-id=\"3a7dfea\" data-element_type=\"section\" data-e-type=\"section\">\n\t\t\t\t\t\t<div class=\"elementor-container elementor-column-gap-default\">\n\t\t\t\t\t<div class=\"elementor-column elementor-col-100 elementor-top-column elementor-element elementor-element-720d51e\" data-id=\"720d51e\" data-element_type=\"column\" data-e-type=\"column\">\n\t\t\t<div class=\"elementor-widget-wrap elementor-element-populated\">\n\t\t\t\t\t\t<div class=\"elementor-element elementor-element-de0e115 elementor-widget elementor-widget-text-editor\" data-id=\"de0e115\" data-element_type=\"widget\" data-e-type=\"widget\" data-widget_type=\"text-editor.default\">\n\t\t\t\t<div class=\"elementor-widget-container\">\n\t\t\t\t\t\t\t\t\t<div class=\"\" data-block=\"true\" data-editor=\"e8jb\" data-offset-key=\"6lenm-0-0\">\n<h4 class=\"_1mf _1mj\" data-offset-key=\"6lenm-0-0\"><span data-offset-key=\"6lenm-0-0\">Regolamento<\/span><\/h4>\n<\/div>\n<div class=\"\" data-block=\"true\" data-editor=\"e8jb\" data-offset-key=\"1vtli-0-0\">\n<div class=\"_1mf _1mj\" data-offset-key=\"1vtli-0-0\"><span data-offset-key=\"1vtli-0-0\">Genitori e Tutori sono pregati di assicurarsi che:<\/span><\/div>\n<div class=\"_1mf _1mj\" data-offset-key=\"1vtli-0-0\"><span data-offset-key=\"1vtli-0-0\">&nbsp;<\/span><\/div>\n<\/div>\n<div class=\"\" data-block=\"true\" data-editor=\"e8jb\" data-offset-key=\"abd8j-0-0\">\n<ul>\n<li class=\"_1mf _1mj\" data-offset-key=\"abd8j-0-0\"><span data-offset-key=\"abd8j-0-0\">Il loro bambino indossi la corretta uniforme scolastica<\/span><\/li>\n<li class=\"_1mf _1mj\" data-offset-key=\"abd8j-0-0\">Tutti gli articoli dell&#8217;uniforme scolastica siano chiaramente etichettati con il nome del bambino &#8211; etichette personalizzate possono essere ordinate sul sito di ACE Clothing<\/li>\n<li class=\"_1mf _1mj\" data-offset-key=\"abd8j-0-0\">Tutti gli accessori (fasce per capelli, guanti, sciarpe ecc.) devono corrispondere ai colori della scuola<\/li>\n<li class=\"_1mf _1mj\" data-offset-key=\"abd8j-0-0\">Scarpe\/scarpe da ginnastica devono essere nere<\/li>\n<li class=\"_1mf _1mj\" data-offset-key=\"abd8j-0-0\">Calze e collant devono essere blu scuro<\/li>\n<li class=\"_1mf _1mj\" data-offset-key=\"abd8j-0-0\">I bambini con i capelli lunghi devono tenerli&nbsp; legati per evitare che cadano sul viso quando lavorano. Questo \u00e8 anche il modo pi\u00f9 efficace per prevenire la diffusione dei pidocchi<\/li>\n<li class=\"_1mf _1mj\" data-offset-key=\"abd8j-0-0\">Gli unici gioielli che possono essere indossati a scuola sono orecchini senza pendenti e\/o simboli religiosi su una semplice catena<\/li>\n<li class=\"_1mf _1mj\" data-offset-key=\"abd8j-0-0\">Gli orologi possono essere indossati solo dai bambini che sanno leggere l&#8217;ora e devono essere impostati in modo che non emettano suoni<\/li>\n<li class=\"_1mf _1mj\" data-offset-key=\"abd8j-0-0\">Nei giorni in cui sono previste le lezioni di Educazione Motoria, i bambini devono venire a scuola indossando gi\u00e0 la divisa specifica per l&#8217;attivit\u00e0 motoria<\/li>\n<\/ul>\n<\/div>\n<div class=\"\" data-block=\"true\" data-editor=\"e8jb\" data-offset-key=\"1dk6n-0-0\">\n<div class=\"_1mf _1mj\" data-offset-key=\"1dk6n-0-0\"><span data-offset-key=\"1dk6n-0-0\">Per acquistare l&#8217;uniforme della <strong>SIAL.<\/strong>school vi rimandiamo alla sezione <a href=\"https:\/\/www.aceclothing.co.uk\/school-uniform\/sial-school\" target=\"_blank\" rel=\"noopener\">dedicata sul sito di ACE clothing<\/a>.<\/span><\/div>\n<\/div>\t\t\t\t\t\t\t\t<\/div>\n\t\t\t\t<\/div>\n\t\t\t\t<div class=\"elementor-element elementor-element-04e4b06 elementor-widget elementor-widget-spacer\" data-id=\"04e4b06\" data-element_type=\"widget\" data-e-type=\"widget\" data-widget_type=\"spacer.default\">\n\t\t\t\t<div class=\"elementor-widget-container\">\n\t\t\t\t\t\t\t<div class=\"elementor-spacer\">\n\t\t\t<div class=\"elementor-spacer-inner\"><\/div>\n\t\t<\/div>\n\t\t\t\t\t\t<\/div>\n\t\t\t\t<\/div>\n\t\t\t\t\t<\/div>\n\t\t<\/div>\n\t\t\t\t\t<\/div>\n\t\t<\/section>\n\t\t\t\t<\/div>\n\t\t","protected":false},"excerpt":{"rendered":"<p>La nostra uniforme Desideriamo che i nostri alunni rappresentino con orgoglio la scuola, indossando l&#8217;uniforme che abbiamo predisposto per loro, supportati dai loro genitori. La nostra<span class=\"excerpt-hellip\"> [\u2026]<\/span><\/p>\n","protected":false},"author":13,"featured_media":0,"parent":38093,"menu_order":0,"comment_status":"closed","ping_status":"closed","template":"","meta":{"footnotes":""},"class_list":["post-41390","page","type-page","status-publish","hentry"],"yoast_head":"<!-- This site is optimized with the Yoast SEO plugin v27.4 - https:\/\/yoast.com\/product\/yoast-seo-wordpress\/ -->\n<title>Uniforme - SIAL<\/title>\n<meta name=\"robots\" content=\"index, follow, max-snippet:-1, max-image-preview:large, max-video-preview:-1\" \/>\n<link rel=\"canonical\" href=\"https:\/\/sial.school\/it\/vita-scolastica\/uniforme\/\" \/>\n<meta property=\"og:locale\" content=\"it_IT\" \/>\n<meta property=\"og:type\" content=\"article\" \/>\n<meta property=\"og:title\" content=\"Uniforme - SIAL\" \/>\n<meta property=\"og:description\" content=\"La nostra uniforme Desideriamo che i nostri alunni rappresentino con orgoglio la scuola, indossando l&#8217;uniforme che abbiamo predisposto per loro, supportati dai loro genitori. La nostra [\u2026]\" \/>\n<meta property=\"og:url\" content=\"https:\/\/sial.school\/it\/vita-scolastica\/uniforme\/\" \/>\n<meta property=\"og:site_name\" content=\"SIAL\" \/>\n<meta property=\"article:modified_time\" content=\"2026-03-09T21:20:42+00:00\" \/>\n<meta property=\"og:image\" content=\"https:\/\/sial.school\/wp-content\/uploads\/2022\/03\/School-Web_Web-Elements_3.png\" \/>\n\t<meta property=\"og:image:width\" content=\"1278\" \/>\n\t<meta property=\"og:image:height\" content=\"217\" \/>\n\t<meta property=\"og:image:type\" content=\"image\/png\" \/>\n<meta name=\"twitter:card\" content=\"summary_large_image\" \/>\n<meta name=\"twitter:label1\" content=\"Tempo di lettura stimato\" \/>\n\t<meta name=\"twitter:data1\" content=\"3 minuti\" \/>\n<script type=\"application\/ld+json\" class=\"yoast-schema-graph\">{\"@context\":\"https:\\\/\\\/schema.org\",\"@graph\":[{\"@type\":\"WebPage\",\"@id\":\"https:\\\/\\\/sial.school\\\/it\\\/vita-scolastica\\\/uniforme\\\/\",\"url\":\"https:\\\/\\\/sial.school\\\/it\\\/vita-scolastica\\\/uniforme\\\/\",\"name\":\"Uniforme - SIAL\",\"isPartOf\":{\"@id\":\"https:\\\/\\\/sial.school\\\/#website\"},\"primaryImageOfPage\":{\"@id\":\"https:\\\/\\\/sial.school\\\/it\\\/vita-scolastica\\\/uniforme\\\/#primaryimage\"},\"image\":{\"@id\":\"https:\\\/\\\/sial.school\\\/it\\\/vita-scolastica\\\/uniforme\\\/#primaryimage\"},\"thumbnailUrl\":\"https:\\\/\\\/sial.school\\\/wp-content\\\/uploads\\\/2022\\\/03\\\/School-Web_Web-Elements_3-1024x174.png\",\"datePublished\":\"2022-04-17T06:22:53+00:00\",\"dateModified\":\"2026-03-09T21:20:42+00:00\",\"breadcrumb\":{\"@id\":\"https:\\\/\\\/sial.school\\\/it\\\/vita-scolastica\\\/uniforme\\\/#breadcrumb\"},\"inLanguage\":\"it-IT\",\"potentialAction\":[{\"@type\":\"ReadAction\",\"target\":[\"https:\\\/\\\/sial.school\\\/it\\\/vita-scolastica\\\/uniforme\\\/\"]}]},{\"@type\":\"ImageObject\",\"inLanguage\":\"it-IT\",\"@id\":\"https:\\\/\\\/sial.school\\\/it\\\/vita-scolastica\\\/uniforme\\\/#primaryimage\",\"url\":\"https:\\\/\\\/sial.school\\\/wp-content\\\/uploads\\\/2022\\\/03\\\/School-Web_Web-Elements_3-1024x174.png\",\"contentUrl\":\"https:\\\/\\\/sial.school\\\/wp-content\\\/uploads\\\/2022\\\/03\\\/School-Web_Web-Elements_3-1024x174.png\"},{\"@type\":\"BreadcrumbList\",\"@id\":\"https:\\\/\\\/sial.school\\\/it\\\/vita-scolastica\\\/uniforme\\\/#breadcrumb\",\"itemListElement\":[{\"@type\":\"ListItem\",\"position\":1,\"name\":\"Home\",\"item\":\"https:\\\/\\\/sial.school\\\/it\\\/home\\\/\"},{\"@type\":\"ListItem\",\"position\":2,\"name\":\"VITA SCOLASTICA\",\"item\":\"https:\\\/\\\/sial.school\\\/it\\\/?page_id=38093\"},{\"@type\":\"ListItem\",\"position\":3,\"name\":\"Uniforme\"}]},{\"@type\":\"WebSite\",\"@id\":\"https:\\\/\\\/sial.school\\\/#website\",\"url\":\"https:\\\/\\\/sial.school\\\/\",\"name\":\"SIAL\",\"description\":\"The only Italian English bicurricular school in UK\",\"potentialAction\":[{\"@type\":\"SearchAction\",\"target\":{\"@type\":\"EntryPoint\",\"urlTemplate\":\"https:\\\/\\\/sial.school\\\/?s={search_term_string}\"},\"query-input\":{\"@type\":\"PropertyValueSpecification\",\"valueRequired\":true,\"valueName\":\"search_term_string\"}}],\"inLanguage\":\"it-IT\"}]}<\/script>\n<!-- \/ Yoast SEO plugin. -->","yoast_head_json":{"title":"Uniforme - SIAL","robots":{"index":"index","follow":"follow","max-snippet":"max-snippet:-1","max-image-preview":"max-image-preview:large","max-video-preview":"max-video-preview:-1"},"canonical":"https:\/\/sial.school\/it\/vita-scolastica\/uniforme\/","og_locale":"it_IT","og_type":"article","og_title":"Uniforme - SIAL","og_description":"La nostra uniforme Desideriamo che i nostri alunni rappresentino con orgoglio la scuola, indossando l&#8217;uniforme che abbiamo predisposto per loro, supportati dai loro genitori. La nostra [\u2026]","og_url":"https:\/\/sial.school\/it\/vita-scolastica\/uniforme\/","og_site_name":"SIAL","article_modified_time":"2026-03-09T21:20:42+00:00","og_image":[{"width":1278,"height":217,"url":"https:\/\/sial.school\/wp-content\/uploads\/2022\/03\/School-Web_Web-Elements_3.png","type":"image\/png"}],"twitter_card":"summary_large_image","twitter_misc":{"Tempo di lettura stimato":"3 minuti"},"schema":{"@context":"https:\/\/schema.org","@graph":[{"@type":"WebPage","@id":"https:\/\/sial.school\/it\/vita-scolastica\/uniforme\/","url":"https:\/\/sial.school\/it\/vita-scolastica\/uniforme\/","name":"Uniforme - SIAL","isPartOf":{"@id":"https:\/\/sial.school\/#website"},"primaryImageOfPage":{"@id":"https:\/\/sial.school\/it\/vita-scolastica\/uniforme\/#primaryimage"},"image":{"@id":"https:\/\/sial.school\/it\/vita-scolastica\/uniforme\/#primaryimage"},"thumbnailUrl":"https:\/\/sial.school\/wp-content\/uploads\/2022\/03\/School-Web_Web-Elements_3-1024x174.png","datePublished":"2022-04-17T06:22:53+00:00","dateModified":"2026-03-09T21:20:42+00:00","breadcrumb":{"@id":"https:\/\/sial.school\/it\/vita-scolastica\/uniforme\/#breadcrumb"},"inLanguage":"it-IT","potentialAction":[{"@type":"ReadAction","target":["https:\/\/sial.school\/it\/vita-scolastica\/uniforme\/"]}]},{"@type":"ImageObject","inLanguage":"it-IT","@id":"https:\/\/sial.school\/it\/vita-scolastica\/uniforme\/#primaryimage","url":"https:\/\/sial.school\/wp-content\/uploads\/2022\/03\/School-Web_Web-Elements_3-1024x174.png","contentUrl":"https:\/\/sial.school\/wp-content\/uploads\/2022\/03\/School-Web_Web-Elements_3-1024x174.png"},{"@type":"BreadcrumbList","@id":"https:\/\/sial.school\/it\/vita-scolastica\/uniforme\/#breadcrumb","itemListElement":[{"@type":"ListItem","position":1,"name":"Home","item":"https:\/\/sial.school\/it\/home\/"},{"@type":"ListItem","position":2,"name":"VITA SCOLASTICA","item":"https:\/\/sial.school\/it\/?page_id=38093"},{"@type":"ListItem","position":3,"name":"Uniforme"}]},{"@type":"WebSite","@id":"https:\/\/sial.school\/#website","url":"https:\/\/sial.school\/","name":"SIAL","description":"The only Italian English bicurricular school in UK","potentialAction":[{"@type":"SearchAction","target":{"@type":"EntryPoint","urlTemplate":"https:\/\/sial.school\/?s={search_term_string}"},"query-input":{"@type":"PropertyValueSpecification","valueRequired":true,"valueName":"search_term_string"}}],"inLanguage":"it-IT"}]}},"_links":{"self":[{"href":"https:\/\/sial.school\/it\/wp-json\/wp\/v2\/pages\/41390","targetHints":{"allow":["GET"]}}],"collection":[{"href":"https:\/\/sial.school\/it\/wp-json\/wp\/v2\/pages"}],"about":[{"href":"https:\/\/sial.school\/it\/wp-json\/wp\/v2\/types\/page"}],"author":[{"embeddable":true,"href":"https:\/\/sial.school\/it\/wp-json\/wp\/v2\/users\/13"}],"replies":[{"embeddable":true,"href":"https:\/\/sial.school\/it\/wp-json\/wp\/v2\/comments?post=41390"}],"version-history":[{"count":50,"href":"https:\/\/sial.school\/it\/wp-json\/wp\/v2\/pages\/41390\/revisions"}],"predecessor-version":[{"id":48318,"href":"https:\/\/sial.school\/it\/wp-json\/wp\/v2\/pages\/41390\/revisions\/48318"}],"up":[{"embeddable":true,"href":"https:\/\/sial.school\/it\/wp-json\/wp\/v2\/pages\/38093"}],"wp:attachment":[{"href":"https:\/\/sial.school\/it\/wp-json\/wp\/v2\/media?parent=41390"}],"curies":[{"name":"wp","href":"https:\/\/api.w.org\/{rel}","templated":true}]}}